{"id":493,"date":"2023-04-18T11:52:32","date_gmt":"2023-04-18T11:52:32","guid":{"rendered":"https:\/\/tauruslasamericas.es\/?page_id=493"},"modified":"2024-04-12T09:25:19","modified_gmt":"2024-04-12T09:25:19","slug":"menu","status":"publish","type":"page","link":"https:\/\/tauruslasamericas.es\/es\/menu\/","title":{"rendered":"Men\u00fa"},"content":{"rendered":"<section class=\"l-section wpb_row us_custom_de67d1db height_medium width_full\"><div class=\"l-section-h i-cf\"><div class=\"g-cols vc_row via_grid cols_1 laptops-cols_inherit tablets-cols_inherit mobiles-cols_1 valign_top type_default stacking_default\"><div class=\"wpb_column vc_column_container\"><div class=\"vc_column-inner\">[vc_custom_heading text=\u00bbPLATOS PARA TODOS LOS GUSTOS\u00bb font_container=\u00bbtag:div|text_align:left\u00bb use_theme_fonts=\u00bbyes\u00bb css=\u00bb%7B%22default%22%3A%7B%22text-align%22%3A%22center%22%2C%22font-size%22%3A%220.8rem%22%2C%22text-transform%22%3A%22uppercase%22%2C%22animation-name%22%3A%22fade%22%2C%22animation-delay%22%3A%220.5s%22%7D%7D\u00bb][vc_custom_heading text=\u00bbMEN\u00da\u00bb font_container=\u00bbtag:h2|text_align:center\u00bb use_theme_fonts=\u00bbyes\u00bb css=\u00bb%7B%22default%22%3A%7B%22color%22%3A%22%23333333%22%2C%22animation-name%22%3A%22fade%22%2C%22animation-delay%22%3A%220.5s%22%7D%7D\u00bb]<div class=\"w-image us_custom_f1a4f275 us_animate_this align_center\"><div class=\"w-image-h\"><img loading=\"lazy\" decoding=\"async\" width=\"116\" height=\"5\" src=\"https:\/\/tauruslasamericas.es\/wp-content\/uploads\/2022\/12\/separador.png\" class=\"attachment-full size-full\" alt=\"\" \/><\/div><\/div><\/div><\/div><\/div><\/div><\/section><section class=\"l-section wpb_row us_custom_f1a4f275 menu us_animate_this height_auto\"><div class=\"l-section-h i-cf\"><div class=\"g-cols vc_row via_grid cols_2 laptops-cols_inherit tablets-cols_inherit mobiles-cols_1 valign_middle type_default stacking_default\" style=\"grid-gap:2rem;\"><div class=\"wpb_column vc_column_container us_custom_a60eaa63 has_bg_color has-link\"><div class=\"vc_column-inner\"><h2 class=\"w-text us_custom_d44d8758 middle has_text_color\"><span class=\"w-text-h\"><span class=\"w-text-value\">Entrantes<\/span><\/span><\/h2><\/div><a href=\"https:\/\/tauruslasamericas.es\/entrantes\/\" class=\"vc_column-link smooth-scroll\" aria-label=\"Enlace\"><\/a><\/div><div class=\"wpb_column vc_column_container us_custom_92e9f4a9 has_bg_color has-link\"><div class=\"vc_column-inner\"><h2 class=\"w-text us_custom_d44d8758 has_text_color\"><span class=\"w-text-h\"><span class=\"w-text-value\">Carnes<\/span><\/span><\/h2><\/div><a href=\"https:\/\/tauruslasamericas.es\/carnes\/\" class=\"vc_column-link smooth-scroll\" aria-label=\"Enlace\"><\/a><\/div><div class=\"wpb_column vc_column_container us_custom_e3d39da7 has_bg_color has-link\"><div class=\"vc_column-inner\"><h2 class=\"w-text us_custom_d44d8758 has_text_color\"><span class=\"w-text-h\"><span class=\"w-text-value\">Pescados<\/span><\/span><\/h2><\/div><a href=\"https:\/\/tauruslasamericas.es\/pescados\/\" class=\"vc_column-link smooth-scroll\" aria-label=\"Enlace\"><\/a><\/div><div class=\"wpb_column vc_column_container us_custom_57fb4546 has_bg_color has-link\"><div class=\"vc_column-inner\"><h2 class=\"w-text us_custom_d44d8758 has_text_color\"><span class=\"w-text-h\"><span class=\"w-text-value\">Paellas<\/span><\/span><\/h2><\/div><a href=\"https:\/\/tauruslasamericas.es\/paellas\/\" class=\"vc_column-link smooth-scroll\" aria-label=\"Enlace\"><\/a><\/div><div class=\"wpb_column vc_column_container us_custom_4084c787 has_bg_color has-link\"><div class=\"vc_column-inner\"><h2 class=\"w-text us_custom_d44d8758 has_text_color\"><span class=\"w-text-h\"><span class=\"w-text-value\">Pastas frescas<\/span><\/span><\/h2><\/div><a href=\"https:\/\/tauruslasamericas.es\/pastas-frescas\/\" class=\"vc_column-link smooth-scroll\" aria-label=\"Enlace\"><\/a><\/div><div class=\"wpb_column vc_column_container us_custom_cdae6154 has_bg_color has-link\"><div class=\"vc_column-inner\"><h2 class=\"w-text us_custom_d44d8758 has_text_color\"><span class=\"w-text-h\"><span class=\"w-text-value\">Pizzas Gourmet<\/span><\/span><\/h2><\/div><a href=\"https:\/\/tauruslasamericas.es\/gourmet-pizzas\/\" class=\"vc_column-link smooth-scroll\" aria-label=\"Enlace\"><\/a><\/div><\/div><\/div><\/section><section class=\"l-section wpb_row height_medium\"><div class=\"l-section-h i-cf\"><div class=\"g-cols vc_row via_grid cols_1 laptops-cols_inherit tablets-cols_inherit mobiles-cols_1 valign_top type_default stacking_default\"><div class=\"wpb_column vc_column_container\"><div class=\"vc_column-inner\"><div class=\"w-separator size_medium\"><\/div><div class=\"wpb_text_column us_custom_b767dbc6\"><div class=\"wpb_wrapper\"><p style=\"text-align: center;\">Sum\u00e9rgete en el aut\u00e9ntico sabor de la carne en <strong>Taurus 2<\/strong>, el referente de los <strong>restaurantes de carne<\/strong> en <strong>Tenerife Sur<\/strong>. Disfruta de primera calidad en carnes, irresistibles pizzas y hamburguesas. Nuestro horno de le\u00f1a garantiza una experiencia gastron\u00f3mica \u00fanica. \u00a1Te esperamos para deleitar tus sentidos!<\/p>\n<\/div><\/div><\/div><\/div><\/div><\/div><\/section>\n","protected":false},"excerpt":{"rendered":"[vc_custom_heading text=\"PLATOS PARA TODOS LOS GUSTOS\" font_container=\"tag:div|text_align:left\" use_theme_fonts=\"yes\" css=\"%7B%22default%22%3A%7B%22text-align%22%3A%22center%22%2C%22font-size%22%3A%220.8rem%22%2C%22text-transform%22%3A%22uppercase%22%2C%22animation-name%22%3A%22fade%22%2C%22animation-delay%22%3A%220.5s%22%7D%7D\"][vc_custom_heading text=\"MEN\u00da\" font_container=\"tag:h2|text_align:center\" use_theme_fonts=\"yes\" css=\"%7B%22default%22%3A%7B%22color%22%3A%22%23333333%22%2C%22animation-name%22%3A%22fade%22%2C%22animation-delay%22%3A%220.5s%22%7D%7D\"]EntrantesCarnesPescadosPaellasPastas frescasPizzas GourmetSum\u00e9rgete en el aut\u00e9ntico sabor de la carne en Taurus 2, el referente de los restaurantes de carne en Tenerife Sur. Disfruta de primera calidad en carnes, irresistibles pizzas y hamburguesas. Nuestro horno de le\u00f1a garantiza una experiencia gastron\u00f3mica \u00fanica. \u00a1Te...","protected":false},"author":1,"featured_media":303,"parent":0,"menu_order":0,"comment_status":"closed","ping_status":"closed","template":"","meta":{"footnotes":""},"class_list":["post-493","page","type-page","status-publish","has-post-thumbnail","hentry"],"yoast_head":"<!-- This site is optimized with the Yoast SEO Premium plugin v26.2 (Yoast SEO v26.2) - https:\/\/yoast.com\/wordpress\/plugins\/seo\/ -->\n<title>Men\u00fa | Restaurante de carnes en Tenerife - Taurus 2 -\u00a0Gourmetland<\/title>\n<meta name=\"description\" content=\"Descubre Taurus 2, el mejor restaurante de carnes en Tenerife Sur en las Am\u00e9ricas. Carnes premium, pizzas y hamburguesas \u00a1Ven y disfruta!\" \/>\n<meta name=\"robots\" content=\"index, follow, max-snippet:-1, max-image-preview:large, max-video-preview:-1\" \/>\n<link rel=\"canonical\" href=\"https:\/\/tauruslasamericas.es\/menu\/\" \/>\n<meta property=\"og:locale\" content=\"es_ES\" \/>\n<meta property=\"og:type\" content=\"article\" \/>\n<meta property=\"og:title\" content=\"Men\u00fa | Restaurante de carnes en Tenerife - Taurus 2 -\u00a0Gourmetland\" \/>\n<meta property=\"og:description\" content=\"Descubre Taurus 2, el mejor restaurante de carnes en Tenerife Sur en las Am\u00e9ricas. Carnes premium, pizzas y hamburguesas \u00a1Ven y disfruta!\" \/>\n<meta property=\"og:url\" content=\"https:\/\/tauruslasamericas.es\/menu\/\" \/>\n<meta property=\"og:site_name\" content=\"Taurus 2 | Gourmetland Tenerife\" \/>\n<meta property=\"article:modified_time\" content=\"2024-04-12T09:25:19+00:00\" \/>\n<meta property=\"og:image\" content=\"https:\/\/tauruslasamericas.es\/wp-content\/uploads\/2023\/01\/2.jpg\" \/>\n\t<meta property=\"og:image:width\" content=\"940\" \/>\n\t<meta property=\"og:image:height\" content=\"788\" \/>\n\t<meta property=\"og:image:type\" content=\"image\/jpeg\" \/>\n<meta name=\"twitter:card\" content=\"summary_large_image\" \/>\n<meta name=\"twitter:label1\" content=\"Tiempo de lectura\" \/>\n\t<meta name=\"twitter:data1\" content=\"1 minuto\" \/>\n<script type=\"application\/ld+json\" class=\"yoast-schema-graph\">{\"@context\":\"https:\/\/schema.org\",\"@graph\":[{\"@type\":\"WebPage\",\"@id\":\"https:\/\/tauruslasamericas.es\/menu\/\",\"url\":\"https:\/\/tauruslasamericas.es\/menu\/\",\"name\":\"Men\u00fa | Restaurante de carnes en Tenerife - Taurus 2 -\u00a0Gourmetland\",\"isPartOf\":{\"@id\":\"https:\/\/tauruslasamericas.es\/#website\"},\"primaryImageOfPage\":{\"@id\":\"https:\/\/tauruslasamericas.es\/menu\/#primaryimage\"},\"image\":{\"@id\":\"https:\/\/tauruslasamericas.es\/menu\/#primaryimage\"},\"thumbnailUrl\":\"https:\/\/tauruslasamericas.es\/wp-content\/uploads\/2023\/01\/2.jpg\",\"datePublished\":\"2023-04-18T11:52:32+00:00\",\"dateModified\":\"2024-04-12T09:25:19+00:00\",\"description\":\"Descubre Taurus 2, el mejor restaurante de carnes en Tenerife Sur en las Am\u00e9ricas. Carnes premium, pizzas y hamburguesas \u00a1Ven y disfruta!\",\"inLanguage\":\"es\",\"potentialAction\":[{\"@type\":\"ReadAction\",\"target\":[\"https:\/\/tauruslasamericas.es\/menu\/\"]}]},{\"@type\":\"ImageObject\",\"inLanguage\":\"es\",\"@id\":\"https:\/\/tauruslasamericas.es\/menu\/#primaryimage\",\"url\":\"https:\/\/tauruslasamericas.es\/wp-content\/uploads\/2023\/01\/2.jpg\",\"contentUrl\":\"https:\/\/tauruslasamericas.es\/wp-content\/uploads\/2023\/01\/2.jpg\",\"width\":940,\"height\":788,\"caption\":\"restaurantes de carnes\"},{\"@type\":\"WebSite\",\"@id\":\"https:\/\/tauruslasamericas.es\/#website\",\"url\":\"https:\/\/tauruslasamericas.es\/\",\"name\":\"Taurus 2 | Gourmetland Tenerife\",\"description\":\"Restaurante en Tenerife Sur con las mejores carnes a la brasa. \u00a1Ven a visitarnos! Estamos en el CC Safari.\",\"publisher\":{\"@id\":\"https:\/\/tauruslasamericas.es\/#organization\"},\"potentialAction\":[{\"@type\":\"SearchAction\",\"target\":{\"@type\":\"EntryPoint\",\"urlTemplate\":\"https:\/\/tauruslasamericas.es\/?s={search_term_string}\"},\"query-input\":{\"@type\":\"PropertyValueSpecification\",\"valueRequired\":true,\"valueName\":\"search_term_string\"}}],\"inLanguage\":\"es\"},{\"@type\":[\"Organization\",\"Place\"],\"@id\":\"https:\/\/tauruslasamericas.es\/#organization\",\"name\":\"Taurus 2\",\"url\":\"https:\/\/tauruslasamericas.es\/\",\"logo\":{\"@id\":\"https:\/\/tauruslasamericas.es\/menu\/#local-main-organization-logo\"},\"image\":{\"@id\":\"https:\/\/tauruslasamericas.es\/menu\/#local-main-organization-logo\"},\"address\":{\"@id\":\"https:\/\/tauruslasamericas.es\/menu\/#local-main-place-address\"},\"geo\":{\"@type\":\"GeoCoordinates\",\"latitude\":\"28.052743101473148\",\"longitude\":\"-16.728408691825912\"},\"telephone\":[],\"contactPoint\":{\"@type\":\"ContactPoint\",\"telephone\":\"922753185\",\"email\":\"info@tauruslasamericas.es\"},\"openingHoursSpecification\":[{\"@type\":\"OpeningHoursSpecification\",\"dayOfWeek\":[\"Monday\",\"Tuesday\",\"Wednesday\",\"Thursday\",\"Friday\",\"Saturday\",\"Sunday\"],\"opens\":\"13:00\",\"closes\":\"23:00\"}]},{\"@type\":\"PostalAddress\",\"@id\":\"https:\/\/tauruslasamericas.es\/menu\/#local-main-place-address\",\"streetAddress\":\"C. Luis Diaz de Losada, 5, 38650 Los Cristianos, Santa Cruz de Tenerife\",\"addressLocality\":\"Los Cristianos\",\"postalCode\":\"38650\",\"addressCountry\":\"ES\"},{\"@type\":\"ImageObject\",\"inLanguage\":\"es\",\"@id\":\"https:\/\/tauruslasamericas.es\/menu\/#local-main-organization-logo\",\"url\":\"https:\/\/tauruslasamericas.es\/wp-content\/uploads\/2023\/05\/taurus2.png\",\"contentUrl\":\"https:\/\/tauruslasamericas.es\/wp-content\/uploads\/2023\/05\/taurus2.png\",\"width\":350,\"height\":350,\"caption\":\"Taurus 2\"}]}<\/script>\n<meta name=\"geo.placename\" content=\"Los Cristianos\" \/>\n<meta name=\"geo.position\" content=\"28.052743101473148;-16.728408691825912\" \/>\n<meta name=\"geo.region\" content=\"Espa\u00f1a\" \/>\n<!-- \/ Yoast SEO Premium plugin. -->","yoast_head_json":{"title":"Men\u00fa | Restaurante de carnes en Tenerife - Taurus 2 -\u00a0Gourmetland","description":"Descubre Taurus 2, el mejor restaurante de carnes en Tenerife Sur en las Am\u00e9ricas. Carnes premium, pizzas y hamburguesas \u00a1Ven y disfruta!","robots":{"index":"index","follow":"follow","max-snippet":"max-snippet:-1","max-image-preview":"max-image-preview:large","max-video-preview":"max-video-preview:-1"},"canonical":"https:\/\/tauruslasamericas.es\/menu\/","og_locale":"es_ES","og_type":"article","og_title":"Men\u00fa | Restaurante de carnes en Tenerife - Taurus 2 -\u00a0Gourmetland","og_description":"Descubre Taurus 2, el mejor restaurante de carnes en Tenerife Sur en las Am\u00e9ricas. Carnes premium, pizzas y hamburguesas \u00a1Ven y disfruta!","og_url":"https:\/\/tauruslasamericas.es\/menu\/","og_site_name":"Taurus 2 | Gourmetland Tenerife","article_modified_time":"2024-04-12T09:25:19+00:00","og_image":[{"width":940,"height":788,"url":"https:\/\/tauruslasamericas.es\/wp-content\/uploads\/2023\/01\/2.jpg","type":"image\/jpeg"}],"twitter_card":"summary_large_image","twitter_misc":{"Tiempo de lectura":"1 minuto"},"schema":{"@context":"https:\/\/schema.org","@graph":[{"@type":"WebPage","@id":"https:\/\/tauruslasamericas.es\/menu\/","url":"https:\/\/tauruslasamericas.es\/menu\/","name":"Men\u00fa | Restaurante de carnes en Tenerife - Taurus 2 -\u00a0Gourmetland","isPartOf":{"@id":"https:\/\/tauruslasamericas.es\/#website"},"primaryImageOfPage":{"@id":"https:\/\/tauruslasamericas.es\/menu\/#primaryimage"},"image":{"@id":"https:\/\/tauruslasamericas.es\/menu\/#primaryimage"},"thumbnailUrl":"https:\/\/tauruslasamericas.es\/wp-content\/uploads\/2023\/01\/2.jpg","datePublished":"2023-04-18T11:52:32+00:00","dateModified":"2024-04-12T09:25:19+00:00","description":"Descubre Taurus 2, el mejor restaurante de carnes en Tenerife Sur en las Am\u00e9ricas. Carnes premium, pizzas y hamburguesas \u00a1Ven y disfruta!","inLanguage":"es","potentialAction":[{"@type":"ReadAction","target":["https:\/\/tauruslasamericas.es\/menu\/"]}]},{"@type":"ImageObject","inLanguage":"es","@id":"https:\/\/tauruslasamericas.es\/menu\/#primaryimage","url":"https:\/\/tauruslasamericas.es\/wp-content\/uploads\/2023\/01\/2.jpg","contentUrl":"https:\/\/tauruslasamericas.es\/wp-content\/uploads\/2023\/01\/2.jpg","width":940,"height":788,"caption":"restaurantes de carnes"},{"@type":"WebSite","@id":"https:\/\/tauruslasamericas.es\/#website","url":"https:\/\/tauruslasamericas.es\/","name":"Taurus 2 | Gourmetland Tenerife","description":"Restaurante en Tenerife Sur con las mejores carnes a la brasa. \u00a1Ven a visitarnos! Estamos en el CC Safari.","publisher":{"@id":"https:\/\/tauruslasamericas.es\/#organization"},"potentialAction":[{"@type":"SearchAction","target":{"@type":"EntryPoint","urlTemplate":"https:\/\/tauruslasamericas.es\/?s={search_term_string}"},"query-input":{"@type":"PropertyValueSpecification","valueRequired":true,"valueName":"search_term_string"}}],"inLanguage":"es"},{"@type":["Organization","Place"],"@id":"https:\/\/tauruslasamericas.es\/#organization","name":"Taurus 2","url":"https:\/\/tauruslasamericas.es\/","logo":{"@id":"https:\/\/tauruslasamericas.es\/menu\/#local-main-organization-logo"},"image":{"@id":"https:\/\/tauruslasamericas.es\/menu\/#local-main-organization-logo"},"address":{"@id":"https:\/\/tauruslasamericas.es\/menu\/#local-main-place-address"},"geo":{"@type":"GeoCoordinates","latitude":"28.052743101473148","longitude":"-16.728408691825912"},"telephone":[],"contactPoint":{"@type":"ContactPoint","telephone":"922753185","email":"info@tauruslasamericas.es"},"openingHoursSpecification":[{"@type":"OpeningHoursSpecification","dayOfWeek":["Monday","Tuesday","Wednesday","Thursday","Friday","Saturday","Sunday"],"opens":"13:00","closes":"23:00"}]},{"@type":"PostalAddress","@id":"https:\/\/tauruslasamericas.es\/menu\/#local-main-place-address","streetAddress":"C. Luis Diaz de Losada, 5, 38650 Los Cristianos, Santa Cruz de Tenerife","addressLocality":"Los Cristianos","postalCode":"38650","addressCountry":"ES"},{"@type":"ImageObject","inLanguage":"es","@id":"https:\/\/tauruslasamericas.es\/menu\/#local-main-organization-logo","url":"https:\/\/tauruslasamericas.es\/wp-content\/uploads\/2023\/05\/taurus2.png","contentUrl":"https:\/\/tauruslasamericas.es\/wp-content\/uploads\/2023\/05\/taurus2.png","width":350,"height":350,"caption":"Taurus 2"}]},"geo.placename":"Los Cristianos","geo.position":{"lat":"28.052743101473148","long":"-16.728408691825912"},"geo.region":"Espa\u00f1a"},"_links":{"self":[{"href":"https:\/\/tauruslasamericas.es\/es\/wp-json\/wp\/v2\/pages\/493","targetHints":{"allow":["GET"]}}],"collection":[{"href":"https:\/\/tauruslasamericas.es\/es\/wp-json\/wp\/v2\/pages"}],"about":[{"href":"https:\/\/tauruslasamericas.es\/es\/wp-json\/wp\/v2\/types\/page"}],"author":[{"embeddable":true,"href":"https:\/\/tauruslasamericas.es\/es\/wp-json\/wp\/v2\/users\/1"}],"replies":[{"embeddable":true,"href":"https:\/\/tauruslasamericas.es\/es\/wp-json\/wp\/v2\/comments?post=493"}],"version-history":[{"count":11,"href":"https:\/\/tauruslasamericas.es\/es\/wp-json\/wp\/v2\/pages\/493\/revisions"}],"predecessor-version":[{"id":863,"href":"https:\/\/tauruslasamericas.es\/es\/wp-json\/wp\/v2\/pages\/493\/revisions\/863"}],"wp:featuredmedia":[{"embeddable":true,"href":"https:\/\/tauruslasamericas.es\/es\/wp-json\/wp\/v2\/media\/303"}],"wp:attachment":[{"href":"https:\/\/tauruslasamericas.es\/es\/wp-json\/wp\/v2\/media?parent=493"}],"curies":[{"name":"wp","href":"https:\/\/api.w.org\/{rel}","templated":true}]}}